{"id":36,"date":"2021-10-22T17:32:40","date_gmt":"2021-10-22T15:32:40","guid":{"rendered":"http:\/\/www.travauxexperts.fr\/atecannes@hotmail.com\/?page_id=36"},"modified":"2023-10-21T18:30:25","modified_gmt":"2023-10-21T16:30:25","slug":"accueil","status":"publish","type":"page","link":"https:\/\/www.travauxexperts.fr\/","title":{"rendered":"ATE"},"content":{"rendered":"\n<p class=\"has-medium-font-size\" style=\"line-height:1.3\"><strong>A<\/strong>ndr\u00e9 <strong>T<\/strong>ravaux <strong>E<\/strong>xperts est une entreprise de<strong> r\u00e9novation immobili\u00e8re<\/strong> du second \u0153uvre, c&rsquo;est \u00e0 dire<strong><em> Electricit\u00e9, Plomberie, Menuiserie, Peinture, Carrelage<\/em><\/strong>, etc.<\/p>\n\n\n\n<p class=\"has-small-font-size\" style=\"line-height:0.1\"> <span class=\"has-inline-color has-white-color\">Travaux \u00e0 cannes, travaux \u00e9lectricit\u00e9, travaux plomberie, travaux peinture, r\u00e9novation immobili\u00e8re, travaux de parquet, chauffe eau, chaudi\u00e8re, carrelage, salle de bain, douche \u00e0 l&rsquo;italienne, cuisine sur <\/span><\/p>\n\n\n\n<p class=\"has-medium-font-size\" style=\"line-height:1.3\"><strong> En r\u00e9sum\u00e9 tout ce qui n&rsquo;est pas le Gros \u0152uvre<\/strong><\/p>\n\n\n\n<p class=\"has-small-font-size\" style=\"line-height:0.1\"><strong> <\/strong><span class=\"has-inline-color has-white-color\">Travaux \u00e0 cannes, travaux \u00e9lectricit\u00e9, travaux plomberie, travaux peinture, r\u00e9novation immobili\u00e8re, travaux de parquet, chauffe eau, chaudi\u00e8re, carrelage, salle de bain, douche \u00e0 l&rsquo;italienne, cuisine sur mesure<\/span> <\/p>\n\n\n\n<p class=\"has-medium-font-size\" style=\"line-height:1.5\">Cr\u00e9\u00e9e depuis plus de 20 ans pour la r\u00e9novation immobili\u00e8re, nous sommes <strong>experts<\/strong> de la douche \u00e0 l&rsquo;italienne et des cuisines sur mesure<\/p>\n\n\n\n<p class=\"has-small-font-size\" style=\"line-height:0.1\"> <span class=\"has-inline-color has-white-color\">Travaux \u00e0 cannes, travaux \u00e9lectricit\u00e9, travaux plomberie, travaux peinture, r\u00e9novation immobili\u00e8re, travaux de parquet, chauffe eau, chaudi\u00e8re, carrelage, salle de bain, douche \u00e0 l&rsquo;italienne, cuisine sur mesure<\/span> <\/p>\n\n\n\n<p class=\"has-medium-font-size\" style=\"line-height:1.3\">Une seule entreprise pour g\u00e9rer vos projets du d\u00e9but \u00e0 la fin, ce qui permet d&rsquo;\u00e9viter d&rsquo;avoir des probl\u00e8mes de coordination entre les diff\u00e9rents corps de m\u00e9tier<\/p>\n\n\n\n<p class=\"has-small-font-size\" style=\"line-height:0.1\"> <span class=\"has-inline-color has-white-color\">Travaux \u00e0 cannes, travaux \u00e9lectricit\u00e9, travaux plomberie, travaux peinture, r\u00e9novation immobili\u00e8re, travaux de parquet, chauffe eau, chaudi\u00e8re, carrelage, salle de bain, douche \u00e0 l&rsquo;italienne, cuisine sur mesure<\/span><\/p>\n\n\n\n<p class=\"has-text-align-center has-medium-font-size\"><strong>3<\/strong> petites pr\u00e9cisions importantes<\/p>\n\n\n\n<p class=\"has-text-align-center has-small-font-size\" style=\"line-height:0\"> <span class=\"has-inline-color has-white-color\">Travaux \u00e0 cannes, travaux \u00e9lectricit\u00e9, travaux plomberie, travaux peinture, r\u00e9novation immobili\u00e8re, travaux de parquet, chauffe eau, chaudi\u00e8re, carrelage, salle de bain, douche \u00e0 l&rsquo;italienne, cuisine sur mesure<\/span><\/p>\n\n\n\n<p class=\"has-medium-font-size\" style=\"line-height:1\">Nous <strong>effectuons nous m\u00eames les travaux<\/strong> , nous ne faisons pas appel \u00e0 des sous-traitants<\/p>\n\n\n\n<p style=\"line-height:0\"> <span class=\"has-inline-color has-white-color\">Travaux \u00e0 cannes, travaux \u00e9lectricit\u00e9, travaux plomberie, travaux peinture, r\u00e9novation immobili\u00e8re, travaux de parquet, chauffe eau, chaudi\u00e8re, carrelage, salle de bain, douche \u00e0 l&rsquo;italienne, cuisine sur mesure<\/span><\/p>\n\n\n\n<p class=\"has-medium-font-size\"> Nous prenons les <strong>chantiers les uns apr\u00e8s les autres<\/strong>, pas en m\u00eame temps<\/p>\n\n\n\n<p style=\"line-height:0\"> <span class=\"has-inline-color has-white-color\">Travaux \u00e0 cannes, travaux \u00e9lectricit\u00e9, travaux plomberie, travaux peinture, r\u00e9novation immobili\u00e8re, travaux de parquet, chauffe eau, chaudi\u00e8re, carrelage, salle de bain, douche \u00e0 l&rsquo;italienne, cuisine sur mesure<\/span> <\/p>\n\n\n\n<p class=\"has-medium-font-size\">Et derni\u00e8re chose, j&rsquo;arrive <strong>toujours \u00e0 l&rsquo;heure<\/strong> \u00e0 mes rendez-vous<\/p>\n\n\n\n<p style=\"line-height:0\"> <span class=\"has-inline-color has-white-color\">Travaux \u00e0 cannes, travaux \u00e9lectricit\u00e9, travaux plomberie, travaux peinture, r\u00e9novation immobili\u00e8re, travaux de parquet, chauffe eau, chaudi\u00e8re, carrelage, salle de bain, douche \u00e0 l&rsquo;italienne, cuisine sur mesure<\/span><\/p>\n","protected":false},"excerpt":{"rendered":"<p>Andr\u00e9 Travaux Experts est une entreprise de r\u00e9novation immobili\u00e8re du second \u0153uvre, c&rsquo;est \u00e0 dire Electricit\u00e9, Plomberie, Menuiserie, Peinture, Carrelage, etc. Travaux \u00e0 cannes, travaux \u00e9lectricit\u00e9, travaux plomberie, travaux peinture, r\u00e9novation immobili\u00e8re, travaux de parquet, chauffe eau, chaudi\u00e8re, carrelage, salle de bain, douche \u00e0 l&rsquo;italienne, cuisine sur En r\u00e9sum\u00e9 tout ce qui n&rsquo;est pas le &hellip; <\/p>\n<p class=\"link-more\"><a href=\"https:\/\/www.travauxexperts.fr\/\" class=\"more-link\">Continuer la lecture<span class=\"screen-reader-text\"> de &laquo;&nbsp;ATE&nbsp;&raquo;<\/span><\/a><\/p>\n","protected":false},"author":1,"featured_media":0,"parent":0,"menu_order":0,"comment_status":"closed","ping_status":"closed","template":"","meta":{"footnotes":""},"class_list":["post-36","page","type-page","status-publish","hentry"],"_links":{"self":[{"href":"https:\/\/www.travauxexperts.fr\/index.php\/wp-json\/wp\/v2\/pages\/36","targetHints":{"allow":["GET"]}}],"collection":[{"href":"https:\/\/www.travauxexperts.fr\/index.php\/wp-json\/wp\/v2\/pages"}],"about":[{"href":"https:\/\/www.travauxexperts.fr\/index.php\/wp-json\/wp\/v2\/types\/page"}],"author":[{"embeddable":true,"href":"https:\/\/www.travauxexperts.fr\/index.php\/wp-json\/wp\/v2\/users\/1"}],"replies":[{"embeddable":true,"href":"https:\/\/www.travauxexperts.fr\/index.php\/wp-json\/wp\/v2\/comments?post=36"}],"version-history":[{"count":1,"href":"https:\/\/www.travauxexperts.fr\/index.php\/wp-json\/wp\/v2\/pages\/36\/revisions"}],"predecessor-version":[{"id":210,"href":"https:\/\/www.travauxexperts.fr\/index.php\/wp-json\/wp\/v2\/pages\/36\/revisions\/210"}],"wp:attachment":[{"href":"https:\/\/www.travauxexperts.fr\/index.php\/wp-json\/wp\/v2\/media?parent=36"}],"curies":[{"name":"wp","href":"https:\/\/api.w.org\/{rel}","templated":true}]}}